{"id":60,"date":"2023-08-22T10:20:34","date_gmt":"2023-08-22T08:20:34","guid":{"rendered":"https:\/\/serendipia.icu\/?page_id=60"},"modified":"2024-02-12T13:32:10","modified_gmt":"2024-02-12T12:32:10","slug":"consulta-psicologica","status":"publish","type":"page","link":"https:\/\/serendipia.icu\/index.php\/consulta-psicologica\/","title":{"rendered":"Consulta Psicol\u00f3gica"},"content":{"rendered":"<blockquote><p><img data-recalc-dims=\"1\" loading=\"lazy\" decoding=\"async\" class=\"size-medium wp-image-270 alignleft\" src=\"https:\/\/i0.wp.com\/serendipia.icu\/wp-content\/uploads\/2023\/11\/pexels-shvets-production-7176325.jpg?resize=300%2C200&#038;ssl=1\" alt=\"\" width=\"300\" height=\"200\" srcset=\"https:\/\/i0.wp.com\/serendipia.icu\/wp-content\/uploads\/2023\/11\/pexels-shvets-production-7176325-scaled.jpg?resize=300%2C200&amp;ssl=1 300w, https:\/\/i0.wp.com\/serendipia.icu\/wp-content\/uploads\/2023\/11\/pexels-shvets-production-7176325-scaled.jpg?resize=1024%2C683&amp;ssl=1 1024w, https:\/\/i0.wp.com\/serendipia.icu\/wp-content\/uploads\/2023\/11\/pexels-shvets-production-7176325-scaled.jpg?resize=768%2C512&amp;ssl=1 768w, https:\/\/i0.wp.com\/serendipia.icu\/wp-content\/uploads\/2023\/11\/pexels-shvets-production-7176325-scaled.jpg?resize=1536%2C1024&amp;ssl=1 1536w, https:\/\/i0.wp.com\/serendipia.icu\/wp-content\/uploads\/2023\/11\/pexels-shvets-production-7176325-scaled.jpg?resize=2048%2C1365&amp;ssl=1 2048w, https:\/\/i0.wp.com\/serendipia.icu\/wp-content\/uploads\/2023\/11\/pexels-shvets-production-7176325-scaled.jpg?w=2340&amp;ssl=1 2340w\" sizes=\"auto, (max-width: 300px) 100vw, 300px\" \/><\/p>\n<h2>Si deseas recibir ayuda psicol\u00f3gica presencial en la provincia de C\u00e1diz u online (videoconferencia) contacta a trav\u00e9s de nuestro WhatsApp donde te asesoraremos y daremos cita. Terapia individual y grupal.<\/h2>\n<\/blockquote>\n<p>&nbsp;<\/p>\n<p>&nbsp;<\/p>\n<p><img data-recalc-dims=\"1\" loading=\"lazy\" decoding=\"async\" class=\"alignnone  wp-image-533\" src=\"https:\/\/i0.wp.com\/serendipia.icu\/wp-content\/uploads\/2024\/02\/HONORARIOS-SERENDIPIA-2024.png?resize=969%2C1371&#038;ssl=1\" alt=\"\" width=\"969\" height=\"1371\" srcset=\"https:\/\/i0.wp.com\/serendipia.icu\/wp-content\/uploads\/2024\/02\/HONORARIOS-SERENDIPIA-2024.png?resize=212%2C300&amp;ssl=1 212w, https:\/\/i0.wp.com\/serendipia.icu\/wp-content\/uploads\/2024\/02\/HONORARIOS-SERENDIPIA-2024.png?resize=724%2C1024&amp;ssl=1 724w, https:\/\/i0.wp.com\/serendipia.icu\/wp-content\/uploads\/2024\/02\/HONORARIOS-SERENDIPIA-2024.png?resize=768%2C1086&amp;ssl=1 768w, https:\/\/i0.wp.com\/serendipia.icu\/wp-content\/uploads\/2024\/02\/HONORARIOS-SERENDIPIA-2024.png?resize=1086%2C1536&amp;ssl=1 1086w, https:\/\/i0.wp.com\/serendipia.icu\/wp-content\/uploads\/2024\/02\/HONORARIOS-SERENDIPIA-2024.png?resize=1448%2C2048&amp;ssl=1 1448w, https:\/\/i0.wp.com\/serendipia.icu\/wp-content\/uploads\/2024\/02\/HONORARIOS-SERENDIPIA-2024.png?w=1587&amp;ssl=1 1587w\" sizes=\"auto, (max-width: 969px) 100vw, 969px\" \/><\/p>\n","protected":false},"excerpt":{"rendered":"<p>Si deseas recibir ayuda psicol\u00f3gica presencial en la provincia de C\u00e1diz u online (videoconferencia) contacta a trav\u00e9s de nuestro WhatsApp donde te asesoraremos y daremos cita. Terapia individual y grupal. &nbsp; &nbsp;<\/p>\n","protected":false},"author":1,"featured_media":20,"parent":0,"menu_order":0,"comment_status":"closed","ping_status":"closed","template":"","meta":{"_uag_custom_page_level_css":"","jetpack_post_was_ever_published":false,"_joinchat":{"message_send":"huu","view":"yes"},"footnotes":""},"class_list":["post-60","page","type-page","status-publish","has-post-thumbnail","hentry"],"uagb_featured_image_src":{"full":["https:\/\/i0.wp.com\/serendipia.icu\/wp-content\/uploads\/2023\/08\/pexels-cottonbro-studio-4101143-scaled.jpg?fit=2560%2C1707&ssl=1",2560,1707,false],"thumbnail":["https:\/\/i0.wp.com\/serendipia.icu\/wp-content\/uploads\/2023\/08\/pexels-cottonbro-studio-4101143-scaled.jpg?resize=150%2C150&ssl=1",150,150,true],"medium":["https:\/\/i0.wp.com\/serendipia.icu\/wp-content\/uploads\/2023\/08\/pexels-cottonbro-studio-4101143-scaled.jpg?fit=300%2C200&ssl=1",300,200,true],"medium_large":["https:\/\/i0.wp.com\/serendipia.icu\/wp-content\/uploads\/2023\/08\/pexels-cottonbro-studio-4101143-scaled.jpg?fit=768%2C512&ssl=1",768,512,true],"large":["https:\/\/i0.wp.com\/serendipia.icu\/wp-content\/uploads\/2023\/08\/pexels-cottonbro-studio-4101143-scaled.jpg?fit=1024%2C683&ssl=1",1024,683,true],"1536x1536":["https:\/\/i0.wp.com\/serendipia.icu\/wp-content\/uploads\/2023\/08\/pexels-cottonbro-studio-4101143-scaled.jpg?fit=1536%2C1024&ssl=1",1536,1024,true],"2048x2048":["https:\/\/i0.wp.com\/serendipia.icu\/wp-content\/uploads\/2023\/08\/pexels-cottonbro-studio-4101143-scaled.jpg?fit=2048%2C1365&ssl=1",2048,1365,true]},"uagb_author_info":{"display_name":"daniel_lv","author_link":"https:\/\/serendipia.icu\/index.php\/author\/daniel_lv\/"},"uagb_comment_info":0,"uagb_excerpt":"Si deseas recibir ayuda psicol\u00f3gica presencial en la provincia de C\u00e1diz u online (videoconferencia) contacta a trav\u00e9s de nuestro WhatsApp donde te asesoraremos y daremos cita. Terapia individual y grupal. &nbsp; &nbsp;","jetpack-related-posts":[],"jetpack_sharing_enabled":true,"_links":{"self":[{"href":"https:\/\/serendipia.icu\/index.php\/wp-json\/wp\/v2\/pages\/60","targetHints":{"allow":["GET"]}}],"collection":[{"href":"https:\/\/serendipia.icu\/index.php\/wp-json\/wp\/v2\/pages"}],"about":[{"href":"https:\/\/serendipia.icu\/index.php\/wp-json\/wp\/v2\/types\/page"}],"author":[{"embeddable":true,"href":"https:\/\/serendipia.icu\/index.php\/wp-json\/wp\/v2\/users\/1"}],"replies":[{"embeddable":true,"href":"https:\/\/serendipia.icu\/index.php\/wp-json\/wp\/v2\/comments?post=60"}],"version-history":[{"count":7,"href":"https:\/\/serendipia.icu\/index.php\/wp-json\/wp\/v2\/pages\/60\/revisions"}],"predecessor-version":[{"id":534,"href":"https:\/\/serendipia.icu\/index.php\/wp-json\/wp\/v2\/pages\/60\/revisions\/534"}],"wp:featuredmedia":[{"embeddable":true,"href":"https:\/\/serendipia.icu\/index.php\/wp-json\/wp\/v2\/media\/20"}],"wp:attachment":[{"href":"https:\/\/serendipia.icu\/index.php\/wp-json\/wp\/v2\/media?parent=60"}],"curies":[{"name":"wp","href":"https:\/\/api.w.org\/{rel}","templated":true}]}}